{"id":7,"date":"2017-11-23T11:43:17","date_gmt":"2017-11-23T10:43:17","guid":{"rendered":"http:\/\/hackbrett.ch\/?page_id=7"},"modified":"2017-11-23T15:08:53","modified_gmt":"2017-11-23T14:08:53","slug":"startseite","status":"publish","type":"page","link":"http:\/\/hackbrett.ch\/","title":{"rendered":"Geschichte zum Hackbrett"},"content":{"rendered":"<p>Das Hackbrett ist ein sehr altes Instrument, die \u00e4lteste Abbildung fand man in Persien. In der Schweiz kennt man es seit dem 16. Jahrhundert, so auch in Appenzell. Man sagt Zigeuner h\u00e4tten dieses Instrument mitgebracht. Die Hackbrettform ist weltweit ungef\u00e4hr die Gleiche, n\u00e4mlich ein Trapez. Das ist auch das Prinzip vom Hackbrett, lange Saite = tiefer Ton, kurze Saite = hoher Ton. Dadurch ergibt sich die Trapezform. Mein Vater ist im Innerrhodischen der erste Schreiner der Hackbretter gebaut hat. Er besitzt auch eine der gr\u00f6ssten &#8222;Hackbrettruten&#8220; (Hackbrettschl\u00e4ger) Sammlung, die ich jeweils an Vortr\u00e4gen mitnehme.<br \/>\nWenn Sie noch Fragen haben oder sich f\u00fcr das Hackbrett interessieren, senden Sie mir bitte ein E-Mail.<\/p>\n","protected":false},"excerpt":{"rendered":"<p>Das Hackbrett ist ein sehr altes Instrument, die \u00e4lteste Abbildung fand man in Persien. In der Schweiz kennt man es seit dem 16. Jahrhundert, so auch in Appenzell. Man sagt Zigeuner h\u00e4tten dieses Instrument mitgebracht. Die Hackbrettform ist weltweit ungef\u00e4hr die Gleiche, n\u00e4mlich ein Trapez. Das ist auch das Prinzip vom Hackbrett, lange Saite = &hellip; <\/p>\n<p class=\"link-more\"><a href=\"http:\/\/hackbrett.ch\/\" class=\"more-link\"><span class=\"screen-reader-text\">\u201eGeschichte zum Hackbrett\u201c<\/span> weiterlesen<\/a><\/p>\n","protected":false},"author":1,"featured_media":0,"parent":0,"menu_order":0,"comment_status":"closed","ping_status":"closed","template":"","meta":{"footnotes":""},"class_list":["post-7","page","type-page","status-publish","hentry"],"_links":{"self":[{"href":"http:\/\/hackbrett.ch\/index.php?rest_route=\/wp\/v2\/pages\/7","targetHints":{"allow":["GET"]}}],"collection":[{"href":"http:\/\/hackbrett.ch\/index.php?rest_route=\/wp\/v2\/pages"}],"about":[{"href":"http:\/\/hackbrett.ch\/index.php?rest_route=\/wp\/v2\/types\/page"}],"author":[{"embeddable":true,"href":"http:\/\/hackbrett.ch\/index.php?rest_route=\/wp\/v2\/users\/1"}],"replies":[{"embeddable":true,"href":"http:\/\/hackbrett.ch\/index.php?rest_route=%2Fwp%2Fv2%2Fcomments&post=7"}],"version-history":[{"count":3,"href":"http:\/\/hackbrett.ch\/index.php?rest_route=\/wp\/v2\/pages\/7\/revisions"}],"predecessor-version":[{"id":52,"href":"http:\/\/hackbrett.ch\/index.php?rest_route=\/wp\/v2\/pages\/7\/revisions\/52"}],"wp:attachment":[{"href":"http:\/\/hackbrett.ch\/index.php?rest_route=%2Fwp%2Fv2%2Fmedia&parent=7"}],"curies":[{"name":"wp","href":"https:\/\/api.w.org\/{rel}","templated":true}]}}